{"id":2811,"date":"2020-06-25T09:17:55","date_gmt":"2020-06-25T08:17:55","guid":{"rendered":"http:\/\/www.csilodi.it\/csilodi20wp\/?page_id=2811"},"modified":"2023-02-17T10:24:52","modified_gmt":"2023-02-17T09:24:52","slug":"privacy-policy-2","status":"publish","type":"page","link":"https:\/\/www.csilodi.it\/csilodi20wp\/privacy-policy-2\/","title":{"rendered":"Privacy policy"},"content":{"rendered":"\n<div class=\"wp-block-group\"><div class=\"wp-block-group__inner-container is-layout-flow wp-block-group-is-layout-flow\">\n<p><strong>Informativa e richiesta di consenso per il trattamento dei dati personali<\/strong><\/p>\n\n\n\n<p><strong>1. Trattamenti necessari a fornirle i nostri prodotti e\/o servizi<\/strong><\/p>\n\n\n\n<p>La informiamo che i dati personali che ci ha fornito, quelli che ci fornir\u00e0 \u2013 eventualmente anche acquistando prodotti e\/o servizi da noi forniti dietro pagamento o partecipando a nostre promozioni e\/o offerte \u2013 e quelli che, eventualmente, acquisiremo nel corso del presente rapporto e\/o di ulteriori rapporti tra lei e noi, saranno trattati dal Centro Sportivo Italiano di Lodi&nbsp;per finalit\u00e0 connesse alla fornitura del servizio e\/o del prodotto che ci ha richiesto.<\/p>\n\n\n\n<p>Ai soli fini che precedono, i suoi dati potranno essere comunicati a societ\u00e0 controllate e\/o collegate al Centro Sportivo Italiano&nbsp;e\/o alle sue controllate, a loro consulenti ed ad altre societ\u00e0 subfornitrici di servizi. I trattamenti che precedono sono necessari per fornirle il prodotto e\/o servizio che ci ha richiesto. Il Centro Sportivo Italiano potr\u00e0 installare sul browser da lei utilizzato dei c.d. cookie tecnici allo scopo di migliorare la sua esperienza d\u2019uso.<\/p>\n\n\n\n<p><strong>2. Trattamenti che effettueremo solo previo suo consenso<\/strong><\/p>\n\n\n\n<p>Previo suo consenso, i suoi dati personali potranno essere trattati per finalit\u00e0 commerciali e promozionali, anche svolte nell\u2019interesse o per conto delle altre societ\u00e0. Qualora presti il suo consenso, pertanto, potr\u00e0 ricevere comunicazioni commerciali tramite posta cartacea, chiamate telefoniche con operatore nonch\u00e9 tramite strumenti automatizzati di contatto (a titolo esemplificativo posta elettronica, telefax, sms). I dati potranno altres\u00ec essere comunicati ad altre societ\u00e0 operanti nei settori con le quali&nbsp;il Centro Sportivo Italiano&nbsp;potrebbe concludere accordi di partnership: editoriale, largo consumo, distribuzione, finanziario, assicurativo, automobilistico, dei servizi e ad organizzazioni umanitarie e benefiche, nonch\u00e9 di telecomunicazione. Tali societ\u00e0 potrebbero usare i suoi dati personali per finalit\u00e0 commerciali e promozionali.<\/p>\n\n\n\n<p><strong>3. Trattamenti di dati personali connessi alla profilazione anche attraverso <em>cookie<\/em><\/strong><\/p>\n\n\n\n<p>I <em>cookie<\/em> sono piccoli files contenenti brevi frammenti di testo, archiviati sul suo browser attraverso il sito web che visita. I siti web utilizzano i cookie per memorizzare informazioni sulla sua navigazione, sulle sue preferenze o per gestire l\u2019accesso ad aree a lei riservate. I gestori dei siti web e i soggetti che attraverso i medesimi siti li installano possono accedere esclusivamente ai cookie che hanno archiviato sul suo browser. Qui pu\u00f2 trovare maggiori informazioni sui cookie: <a href=\"http:\/\/it.wikipedia.org\/wiki\/Cookie\">http:\/\/it.wikipedia.org\/wiki\/Cookie<\/a><\/p>\n\n\n\n<p>Questo sito utilizza inoltre Matomo Analytics.<br>Matomo \u00e8 un software libero per fornire report dettagliati e in tempo reale sui visitatori di un sito web, fra cui i motori di ricerca di provenienza, parole chiave utilizzate, la lingua di utilizzo e le pagine pi\u00f9 visitate.<\/p>\n\n\n\n<p>Cookie tecnici che non richiedono consenso<\/p>\n\n\n\n<p>Nel corso della sua navigazione sulle pagine dei siti internet visitati, saranno installati sul suo dispositivo e, in particolare, nel browser di navigazione, alcuni c.d. <em>cookie<\/em>, ovvero informazioni che ci consentono di memorizzare alcuni dati utili a:<\/p>\n\n\n\n<ul class=\"wp-block-list\"><li>riconoscere che attraverso il suo browser sono gi\u00e0 stati visitati altri siti, e registrare e ricordare qualsiasi preferenza che possa essere stata impostata durante la navigazione su tali siti. Per esempio potrebbero essere salvare le sue informazioni di accesso, in modo che non debba effettuare la procedura di accesso ogni volta che accede al sito;<\/li><li>memorizzare la sua scelta relativa al consenso all\u2019installazione di cookie di profilazione.<\/li><\/ul>\n\n\n\n<p>L\u2019utilizzo di tali <em>cookie<\/em> ed i trattamenti ad essi correlati \u2013 per s\u00e9 e\/o per le altre societ\u00e0 collegate \u2013 sono necessari per consentire di renderle disponibili i contenuti pubblicati sui nostri siti in modo efficace e di facile consultazione. L\u2019utilizzo di tali <em>cookie<\/em> e lo svolgimento dei trattamenti ad essi connessi, non richiede, ai sensi della disciplina vigente, il suo consenso.<\/p>\n\n\n\n<p>Il Centro Sportivo Italiano di Lodi, inoltre, installer\u00e0 sul suo dispositivo e, in particolare, nel suo browser, o lascer\u00e0 installare a terzi alcuni <em>cookie<\/em> che ci sono necessari per acquisire o far acquisire a nostri partner informazioni statistiche in forma anonima e aggregata relative alla sua navigazione sulle pagine dei siti visitati.<\/p>\n\n\n\n<p>Si tratta, in particolare, dei cookie relativi ai seguenti servizi di analisi statistica:<\/p>\n\n\n\n<p>Cookie per cui \u00e8 richiesto il consenso<\/p>\n\n\n\n<p>Qualora, inoltre, lei presti il relativo consenso attraverso una delle modalit\u00e0 semplificate descritte nell\u2019informativa breve che le \u00e8 stata presentata al momento del suo primo accesso o seguendo le istruzioni che seguono, potr\u00e0 installare e\/o lasciar installare alle societ\u00e0 terze, ulteriori cookie, c.d. di profilazione, che hanno lo scopo di aiutare \u2013 nel suo interesse \u2013 e\/o aiutare le societ\u00e0 terze a raccogliere informazioni sui suoi interessi ed abitudini cos\u00ec da proporle comunicazioni commerciali, per quanto possibile, di suo interesse o, comunque, coerenti con i suoi interessi.<\/p>\n\n\n\n<p>Supporto nella configurazione del proprio browser<\/p>\n\n\n\n<p>Se lo desidera pu\u00f2 gestire direttamente i cookie anche attraverso le impostazioni del suo browser. Tuttavia, cancellando i cookies dal browser potrebbe rimuovere le preferenze che ha impostato per questo sarebbe opportuno che visitasse periodicamente questa pagina per ricontrollare le sue preferenze.<\/p>\n\n\n\n<p>Per ulteriori informazioni e supporto \u00e8 possibile anche visitare la pagina di aiuto specifica del web browser che si sta utilizzando:<\/p>\n\n\n\n<ul class=\"wp-block-list\"><li><a href=\"http:\/\/windows.microsoft.com\/en-us\/windows-vista\/block-or-allow-cookies\" target=\"_blank\" rel=\"noreferrer noopener\">Internet Explorer<\/a><\/li><li><a href=\"https:\/\/support.mozilla.org\/en-us\/kb\/enable-and-disable-cookies-website-preferences?redirectlocale=en-us&amp;redirectslug=enabling+and+disabling+cookies\" target=\"_blank\" rel=\"noreferrer noopener\">Firefox<\/a><\/li><li><a href=\"http:\/\/www.apple.com\/legal\/privacy\/it\/\" target=\"_blank\" rel=\"noreferrer noopener\">Safari<\/a><\/li><li><a href=\"https:\/\/support.google.com\/accounts\/answer\/61416?hl=it\" target=\"_blank\" rel=\"noreferrer noopener\">Chrome<\/a><\/li><li><a href=\"http:\/\/www.opera.com\/help\/tutorials\/security\/cookies\/\" target=\"_blank\" rel=\"noreferrer noopener\">Opera<\/a><\/li><\/ul>\n\n\n\n<p><strong>4. Regole generali e esercizio dei suoi diritti<\/strong><\/p>\n\n\n\n<p>La informiamo, infine, che, in ogni momento, potr\u00e0 esercitare i diritti riconosciutile dall\u2019art. 7 del Codice Privacy ovvero, tra gli altri, quelli alla modifica e cancellazione dei suoi dati personali inviando una mail al servizio di assistenza, unitamente ad una copia digitale del suo documento di identit\u00e0 in corso di validit\u00e0. Le ricordiamo che qualora ci chieda di interrompere tutti i trattamenti dei suoi dati personali e non solo quelli per finalit\u00e0 promozionali, non saremo in grado di continuare a fornirle i prodotti o servizi che ci ha richiesto e che, salvo che ci richieda di interrompere il solo invio di comunicazioni promozionali attraverso sistemi automatizzati, in caso di sua richiesta generica interromperemo ogni trattamento dei suoi dati personali anche attraverso strumenti tradizionali.<\/p>\n<\/div><\/div>\n\n\n\n<p><\/p>\n","protected":false},"excerpt":{"rendered":"<p>Informativa e richiesta di consenso per il trattamento dei dati personali 1. Trattamenti necessari a fornirle i nostri prodotti e\/o servizi La informiamo che i dati personali che ci ha fornito, quelli che ci fornir\u00e0 \u2013 eventualmente anche acquistando prodotti e\/o servizi da noi forniti dietro pagamento o partecipando a nostre promozioni e\/o offerte \u2013 [&hellip;]<\/p>\n","protected":false},"author":1,"featured_media":0,"parent":0,"menu_order":0,"comment_status":"closed","ping_status":"closed","template":"","meta":{"ngg_post_thumbnail":0,"footnotes":""},"class_list":["post-2811","page","type-page","status-publish","hentry"],"_links":{"self":[{"href":"https:\/\/www.csilodi.it\/csilodi20wp\/wp-json\/wp\/v2\/pages\/2811"}],"collection":[{"href":"https:\/\/www.csilodi.it\/csilodi20wp\/wp-json\/wp\/v2\/pages"}],"about":[{"href":"https:\/\/www.csilodi.it\/csilodi20wp\/wp-json\/wp\/v2\/types\/page"}],"author":[{"embeddable":true,"href":"https:\/\/www.csilodi.it\/csilodi20wp\/wp-json\/wp\/v2\/users\/1"}],"replies":[{"embeddable":true,"href":"https:\/\/www.csilodi.it\/csilodi20wp\/wp-json\/wp\/v2\/comments?post=2811"}],"version-history":[{"count":3,"href":"https:\/\/www.csilodi.it\/csilodi20wp\/wp-json\/wp\/v2\/pages\/2811\/revisions"}],"predecessor-version":[{"id":6064,"href":"https:\/\/www.csilodi.it\/csilodi20wp\/wp-json\/wp\/v2\/pages\/2811\/revisions\/6064"}],"wp:attachment":[{"href":"https:\/\/www.csilodi.it\/csilodi20wp\/wp-json\/wp\/v2\/media?parent=2811"}],"curies":[{"name":"wp","href":"https:\/\/api.w.org\/{rel}","templated":true}]}}